{"id":100,"date":"2024-05-06T22:54:05","date_gmt":"2024-05-06T22:54:05","guid":{"rendered":"https:\/\/fumigacionesbiopestcontrol.com\/?page_id=100"},"modified":"2025-08-13T21:30:19","modified_gmt":"2025-08-13T21:30:19","slug":"nosotros","status":"publish","type":"page","link":"https:\/\/fumigacionesbiopestcontrol.com\/index.php\/nosotros\/","title":{"rendered":"Nosotros"},"content":{"rendered":"\t\t<div data-elementor-type=\"wp-page\" data-elementor-id=\"100\" class=\"elementor elementor-100\" data-elementor-post-type=\"page\">\n\t\t\t\t\t\t<section class=\"elementor-section elementor-top-section elementor-element elementor-element-3052fb99 elementor-section-boxed elementor-section-height-default elementor-section-height-default\" data-id=\"3052fb99\" data-element_type=\"section\" data-settings=\"{&quot;background_background&quot;:&quot;classic&quot;}\">\n\t\t\t\t\t\t\t<div class=\"elementor-background-overlay\"><\/div>\n\t\t\t\t\t\t\t<div class=\"elementor-container elementor-column-gap-default\">\n\t\t\t\t\t<div class=\"elementor-column elementor-col-100 elementor-top-column elementor-element elementor-element-380dedfc\" data-id=\"380dedfc\" data-element_type=\"column\">\n\t\t\t<div class=\"elementor-widget-wrap elementor-element-populated\">\n\t\t\t\t\t\t<div class=\"elementor-element elementor-element-5c499c49 elementor-widget elementor-widget-heading\" data-id=\"5c499c49\" data-element_type=\"widget\" data-widget_type=\"heading.default\">\n\t\t\t\t<div class=\"elementor-widget-container\">\n\t\t\t\t\t<h2 class=\"elementor-heading-title elementor-size-default\">Nosotros<\/h2>\t\t\t\t<\/div>\n\t\t\t\t<\/div>\n\t\t\t\t\t<\/div>\n\t\t<\/div>\n\t\t\t\t\t<\/div>\n\t\t<\/section>\n\t\t\t\t<section class=\"elementor-section elementor-top-section elementor-element elementor-element-1fd8f58 elementor-section-boxed elementor-section-height-default elementor-section-height-default\" data-id=\"1fd8f58\" data-element_type=\"section\" data-settings=\"{&quot;background_background&quot;:&quot;classic&quot;}\">\n\t\t\t\t\t\t\t<div class=\"elementor-background-overlay\"><\/div>\n\t\t\t\t\t\t\t<div class=\"elementor-container elementor-column-gap-default\">\n\t\t\t\t\t<div class=\"elementor-column elementor-col-50 elementor-top-column elementor-element elementor-element-b839c36 elementor-invisible\" data-id=\"b839c36\" data-element_type=\"column\" data-settings=\"{&quot;animation&quot;:&quot;fadeInLeft&quot;}\">\n\t\t\t<div class=\"elementor-widget-wrap elementor-element-populated\">\n\t\t\t\t\t\t<div class=\"elementor-element elementor-element-6fa39f9 elementor-widget elementor-widget-image\" data-id=\"6fa39f9\" data-element_type=\"widget\" data-widget_type=\"image.default\">\n\t\t\t\t<div class=\"elementor-widget-container\">\n\t\t\t\t\t\t\t\t\t\t\t\t\t\t\t<img fetchpriority=\"high\" decoding=\"async\" width=\"1500\" height=\"1001\" src=\"https:\/\/fumigacionesbiopestcontrol.com\/wp-content\/uploads\/2024\/05\/plaga.png\" class=\"attachment-full size-full wp-image-41\" alt=\"\" srcset=\"https:\/\/fumigacionesbiopestcontrol.com\/wp-content\/uploads\/2024\/05\/plaga.png 1500w, https:\/\/fumigacionesbiopestcontrol.com\/wp-content\/uploads\/2024\/05\/plaga-300x200.png 300w, https:\/\/fumigacionesbiopestcontrol.com\/wp-content\/uploads\/2024\/05\/plaga-1024x683.png 1024w, https:\/\/fumigacionesbiopestcontrol.com\/wp-content\/uploads\/2024\/05\/plaga-768x513.png 768w\" sizes=\"(max-width: 1500px) 100vw, 1500px\" \/>\t\t\t\t\t\t\t\t\t\t\t\t\t\t\t<\/div>\n\t\t\t\t<\/div>\n\t\t\t\t<div class=\"elementor-element elementor-element-e3a6926 elementor-widget__width-initial elementor-absolute elementor-widget-tablet__width-initial elementor-hidden-phone elementor-widget elementor-widget-image\" data-id=\"e3a6926\" data-element_type=\"widget\" data-settings=\"{&quot;_position&quot;:&quot;absolute&quot;}\" data-widget_type=\"image.default\">\n\t\t\t\t<div class=\"elementor-widget-container\">\n\t\t\t\t\t\t\t\t\t\t\t\t\t\t\t<img decoding=\"async\" width=\"1200\" height=\"1600\" src=\"https:\/\/fumigacionesbiopestcontrol.com\/wp-content\/uploads\/2024\/05\/956de7c0-20eb-47e2-ae9c-fa2cf83fbed6.jpeg\" class=\"attachment-full size-full wp-image-107\" alt=\"\" srcset=\"https:\/\/fumigacionesbiopestcontrol.com\/wp-content\/uploads\/2024\/05\/956de7c0-20eb-47e2-ae9c-fa2cf83fbed6.jpeg 1200w, https:\/\/fumigacionesbiopestcontrol.com\/wp-content\/uploads\/2024\/05\/956de7c0-20eb-47e2-ae9c-fa2cf83fbed6-225x300.jpeg 225w, https:\/\/fumigacionesbiopestcontrol.com\/wp-content\/uploads\/2024\/05\/956de7c0-20eb-47e2-ae9c-fa2cf83fbed6-768x1024.jpeg 768w, https:\/\/fumigacionesbiopestcontrol.com\/wp-content\/uploads\/2024\/05\/956de7c0-20eb-47e2-ae9c-fa2cf83fbed6-1152x1536.jpeg 1152w\" sizes=\"(max-width: 1200px) 100vw, 1200px\" \/>\t\t\t\t\t\t\t\t\t\t\t\t\t\t\t<\/div>\n\t\t\t\t<\/div>\n\t\t\t\t\t<\/div>\n\t\t<\/div>\n\t\t\t\t<div class=\"elementor-column elementor-col-50 elementor-top-column elementor-element elementor-element-e98336c elementor-invisible\" data-id=\"e98336c\" data-element_type=\"column\" data-settings=\"{&quot;animation&quot;:&quot;fadeInDown&quot;}\">\n\t\t\t<div class=\"elementor-widget-wrap elementor-element-populated\">\n\t\t\t\t\t\t<div class=\"elementor-element elementor-element-fd7d7de elementor-widget elementor-widget-heading\" data-id=\"fd7d7de\" data-element_type=\"widget\" data-widget_type=\"heading.default\">\n\t\t\t\t<div class=\"elementor-widget-container\">\n\t\t\t\t\t<h6 class=\"elementor-heading-title elementor-size-default\">Sobre Nosotros<\/h6>\t\t\t\t<\/div>\n\t\t\t\t<\/div>\n\t\t\t\t<div class=\"elementor-element elementor-element-76c5d6c elementor-widget elementor-widget-text-editor\" data-id=\"76c5d6c\" data-element_type=\"widget\" data-widget_type=\"text-editor.default\">\n\t\t\t\t<div class=\"elementor-widget-container\">\n\t\t\t\t\t\t\t\t\t<p>Somos empresa l\u00edder en el control y eliminaci\u00f3n de plagas que afectan hogares, negocios y espacios p\u00fablicos. Con a\u00f1os de experiencia en el sector, nos hemos consolidado como un referente en el control integrado de plagas, ofreciendo soluciones efectivas y seguras para garantizar la salud y el bienestar de nuestros clientes<\/p>\t\t\t\t\t\t\t\t<\/div>\n\t\t\t\t<\/div>\n\t\t\t\t<div class=\"elementor-element elementor-element-100de53 elementor-widget elementor-widget-spacer\" data-id=\"100de53\" data-element_type=\"widget\" data-widget_type=\"spacer.default\">\n\t\t\t\t<div class=\"elementor-widget-container\">\n\t\t\t\t\t\t\t<div class=\"elementor-spacer\">\n\t\t\t<div class=\"elementor-spacer-inner\"><\/div>\n\t\t<\/div>\n\t\t\t\t\t\t<\/div>\n\t\t\t\t<\/div>\n\t\t\t\t\t<\/div>\n\t\t<\/div>\n\t\t\t\t\t<\/div>\n\t\t<\/section>\n\t\t<div class=\"elementor-element elementor-element-8e38cab elementor-hidden-desktop elementor-hidden-tablet e-flex e-con-boxed e-con e-parent\" data-id=\"8e38cab\" data-element_type=\"container\">\n\t\t\t\t\t<div class=\"e-con-inner\">\n\t\t<div class=\"elementor-element elementor-element-78f91e1 e-con-full e-flex e-con e-child\" data-id=\"78f91e1\" data-element_type=\"container\">\n\t\t\t\t<div class=\"elementor-element elementor-element-8b6734a elementor-widget elementor-widget-heading\" data-id=\"8b6734a\" data-element_type=\"widget\" data-widget_type=\"heading.default\">\n\t\t\t\t<div class=\"elementor-widget-container\">\n\t\t\t\t\t<h2 class=\"elementor-heading-title elementor-size-default\">Misi\u00f3n<\/h2>\t\t\t\t<\/div>\n\t\t\t\t<\/div>\n\t\t\t\t<\/div>\n\t\t<div class=\"elementor-element elementor-element-e7259a2 e-con-full e-flex e-con e-child\" data-id=\"e7259a2\" data-element_type=\"container\" data-settings=\"{&quot;background_background&quot;:&quot;classic&quot;,&quot;shape_divider_top&quot;:&quot;split&quot;}\">\n\t\t\t\t<div class=\"elementor-shape elementor-shape-top\" aria-hidden=\"true\" data-negative=\"false\">\n\t\t\t<svg xmlns=\"http:\/\/www.w3.org\/2000\/svg\" viewBox=\"0 0 1000 20\" preserveAspectRatio=\"none\">\n\t<path class=\"elementor-shape-fill\" d=\"M0,0v3c0,0,393.8,0,483.4,0c9.2,0,16.6,7.4,16.6,16.6c0-9.1,7.4-16.6,16.6-16.6C606.2,3,1000,3,1000,3V0H0z\"\/>\n<\/svg>\t\t<\/div>\n\t\t\t\t<div class=\"elementor-element elementor-element-a1f011f elementor-widget elementor-widget-text-editor\" data-id=\"a1f011f\" data-element_type=\"widget\" data-widget_type=\"text-editor.default\">\n\t\t\t\t<div class=\"elementor-widget-container\">\n\t\t\t\t\t\t\t\t\t<p>En Biopest Control, nuestra misi\u00f3n es proporcionar servicios de fumigaci\u00f3n y control de plagas que sean efectivos, seguros y respetuosos con el medio ambiente. Nos comprometemos a proteger la salud y el bienestar de nuestros clientes al eliminar las plagas de manera responsable y prevenir futuras infestaciones. Buscamos ser l\u00edderes en la industria, ofreciendo soluciones innovadoras y adaptadas a las necesidades individuales de cada cliente.<\/p>\t\t\t\t\t\t\t\t<\/div>\n\t\t\t\t<\/div>\n\t\t\t\t<\/div>\n\t\t<div class=\"elementor-element elementor-element-58d3abb e-con-full elementor-hidden-desktop elementor-hidden-tablet e-flex e-con e-child\" data-id=\"58d3abb\" data-element_type=\"container\">\n\t\t<div class=\"elementor-element elementor-element-eeb3c07 e-con-full e-flex e-con e-child\" data-id=\"eeb3c07\" data-element_type=\"container\">\n\t\t\t\t<div class=\"elementor-element elementor-element-3262c50 elementor-widget elementor-widget-heading\" data-id=\"3262c50\" data-element_type=\"widget\" data-widget_type=\"heading.default\">\n\t\t\t\t<div class=\"elementor-widget-container\">\n\t\t\t\t\t<h2 class=\"elementor-heading-title elementor-size-default\">Vis\u00edon<\/h2>\t\t\t\t<\/div>\n\t\t\t\t<\/div>\n\t\t\t\t<\/div>\n\t\t<div class=\"elementor-element elementor-element-e5470a7 e-con-full e-flex e-con e-child\" data-id=\"e5470a7\" data-element_type=\"container\" data-settings=\"{&quot;background_background&quot;:&quot;classic&quot;,&quot;shape_divider_top&quot;:&quot;split&quot;}\">\n\t\t\t\t<div class=\"elementor-shape elementor-shape-top\" aria-hidden=\"true\" data-negative=\"false\">\n\t\t\t<svg xmlns=\"http:\/\/www.w3.org\/2000\/svg\" viewBox=\"0 0 1000 20\" preserveAspectRatio=\"none\">\n\t<path class=\"elementor-shape-fill\" d=\"M0,0v3c0,0,393.8,0,483.4,0c9.2,0,16.6,7.4,16.6,16.6c0-9.1,7.4-16.6,16.6-16.6C606.2,3,1000,3,1000,3V0H0z\"\/>\n<\/svg>\t\t<\/div>\n\t\t\t\t<div class=\"elementor-element elementor-element-5f90e51 elementor-widget elementor-widget-text-editor\" data-id=\"5f90e51\" data-element_type=\"widget\" data-widget_type=\"text-editor.default\">\n\t\t\t\t<div class=\"elementor-widget-container\">\n\t\t\t\t\t\t\t\t\t<p>Nuestra visi\u00f3n en Biopest Control es convertirnos en la opci\u00f3n preferida de control de plagas para hogares, negocios y comunidades en general. Nos esforzamos por establecer est\u00e1ndares de excelencia en el sector, promoviendo pr\u00e1cticas sostenibles y educando a la comunidad sobre la importancia del control de plagas en la salud p\u00fablica y el medio ambiente. Buscamos ser reconocidos como un socio confiable y comprometido con la protecci\u00f3n y el bienestar de nuestros clientes y del planeta en su conjunto.<\/p>\t\t\t\t\t\t\t\t<\/div>\n\t\t\t\t<\/div>\n\t\t\t\t<\/div>\n\t\t\t\t<\/div>\n\t\t\t\t\t<\/div>\n\t\t\t\t<\/div>\n\t\t<div class=\"elementor-element elementor-element-8275670 elementor-hidden-mobile e-flex e-con-boxed e-con e-parent\" data-id=\"8275670\" data-element_type=\"container\" data-settings=\"{&quot;background_background&quot;:&quot;classic&quot;}\">\n\t\t\t\t\t<div class=\"e-con-inner\">\n\t\t<div class=\"elementor-element elementor-element-644ba6d e-flex e-con-boxed e-con e-child\" data-id=\"644ba6d\" data-element_type=\"container\" data-settings=\"{&quot;background_background&quot;:&quot;classic&quot;}\">\n\t\t\t\t\t<div class=\"e-con-inner\">\n\t\t\t\t<div class=\"elementor-element elementor-element-9a92178 elementor-widget elementor-widget-heading\" data-id=\"9a92178\" data-element_type=\"widget\" data-widget_type=\"heading.default\">\n\t\t\t\t<div class=\"elementor-widget-container\">\n\t\t\t\t\t<h2 class=\"elementor-heading-title elementor-size-default\">Misi\u00f3n<\/h2>\t\t\t\t<\/div>\n\t\t\t\t<\/div>\n\t\t\t\t<div class=\"elementor-element elementor-element-5e43860 elementor-widget elementor-widget-text-editor\" data-id=\"5e43860\" data-element_type=\"widget\" data-widget_type=\"text-editor.default\">\n\t\t\t\t<div class=\"elementor-widget-container\">\n\t\t\t\t\t\t\t\t\t<p>En Biopest Control, nuestra misi\u00f3n es proporcionar servicios de fumigaci\u00f3n y control de plagas que sean efectivos, seguros y respetuosos con el medio ambiente. Nos comprometemos a proteger la salud y el bienestar de nuestros clientes al eliminar las plagas de manera responsable y prevenir futuras infestaciones. Buscamos ser l\u00edderes en la industria, ofreciendo soluciones innovadoras y adaptadas a las necesidades individuales de cada cliente.<\/p>\t\t\t\t\t\t\t\t<\/div>\n\t\t\t\t<\/div>\n\t\t\t\t\t<\/div>\n\t\t\t\t<\/div>\n\t\t<div class=\"elementor-element elementor-element-f907069 e-flex e-con-boxed e-con e-child\" data-id=\"f907069\" data-element_type=\"container\" data-settings=\"{&quot;background_background&quot;:&quot;classic&quot;}\">\n\t\t\t\t\t<div class=\"e-con-inner\">\n\t\t\t\t<div class=\"elementor-element elementor-element-da73991 elementor-widget elementor-widget-heading\" data-id=\"da73991\" data-element_type=\"widget\" data-widget_type=\"heading.default\">\n\t\t\t\t<div class=\"elementor-widget-container\">\n\t\t\t\t\t<h2 class=\"elementor-heading-title elementor-size-default\">Visi\u00f3n<\/h2>\t\t\t\t<\/div>\n\t\t\t\t<\/div>\n\t\t\t\t<div class=\"elementor-element elementor-element-a7abd50 elementor-widget elementor-widget-text-editor\" data-id=\"a7abd50\" data-element_type=\"widget\" data-widget_type=\"text-editor.default\">\n\t\t\t\t<div class=\"elementor-widget-container\">\n\t\t\t\t\t\t\t\t\t<p>Nuestra visi\u00f3n en Biopest Control es proveer soluciones efectivas para el control de plagas, convirti\u00e9ndonos en la opci\u00f3n preferida de nuestros clientes para sus hogares, negocios y exteriores. Nos esforzamos por establecer est\u00e1ndares de excelencia en el sector, promoviendo pr\u00e1cticas sostenibles e invitando a la comunidad sobre la importancia del control de plagas en la salud p\u00fablica y el medio ambiente. Buscamos ser reconocidos como un socio confiable y comprometido con la protecci\u00f3n y el bienestar de nuestros clientes y del planeta en su conjunto.<\/p>\t\t\t\t\t\t\t\t<\/div>\n\t\t\t\t<\/div>\n\t\t\t\t\t<\/div>\n\t\t\t\t<\/div>\n\t\t\t\t\t<\/div>\n\t\t\t\t<\/div>\n\t\t\t\t<section class=\"elementor-section elementor-top-section elementor-element elementor-element-104fc807 elementor-section-boxed elementor-section-height-default elementor-section-height-default\" data-id=\"104fc807\" data-element_type=\"section\" data-settings=\"{&quot;background_background&quot;:&quot;classic&quot;}\">\n\t\t\t\t\t\t\t<div class=\"elementor-background-overlay\"><\/div>\n\t\t\t\t\t\t\t<div class=\"elementor-container elementor-column-gap-no\">\n\t\t\t\t\t<div class=\"elementor-column elementor-col-100 elementor-top-column elementor-element elementor-element-227271d3\" data-id=\"227271d3\" data-element_type=\"column\">\n\t\t\t<div class=\"elementor-widget-wrap elementor-element-populated\">\n\t\t\t\t\t\t<div class=\"elementor-element elementor-element-7bd2a331 elementor-widget elementor-widget-heading\" data-id=\"7bd2a331\" data-element_type=\"widget\" data-widget_type=\"heading.default\">\n\t\t\t\t<div class=\"elementor-widget-container\">\n\t\t\t\t\t<h2 class=\"elementor-heading-title elementor-size-default\">Ll\u00e1manos para eliminar tu plaga<\/h2>\t\t\t\t<\/div>\n\t\t\t\t<\/div>\n\t\t\t\t<div class=\"elementor-element elementor-element-660d8d0f elementor-widget elementor-widget-heading\" data-id=\"660d8d0f\" data-element_type=\"widget\" data-widget_type=\"heading.default\">\n\t\t\t\t<div class=\"elementor-widget-container\">\n\t\t\t\t\t<h2 class=\"elementor-heading-title elementor-size-default\">(+52) 322157 9386<\/h2>\t\t\t\t<\/div>\n\t\t\t\t<\/div>\n\t\t\t\t\t<\/div>\n\t\t<\/div>\n\t\t\t\t\t<\/div>\n\t\t<\/section>\n\t\t\t\t<section class=\"elementor-section elementor-top-section elementor-element elementor-element-9e74ff8 elementor-section-boxed elementor-section-height-default elementor-section-height-default elementor-invisible\" data-id=\"9e74ff8\" data-element_type=\"section\" data-settings=\"{&quot;animation&quot;:&quot;fadeInRight&quot;}\">\n\t\t\t\t\t\t<div class=\"elementor-container elementor-column-gap-default\">\n\t\t\t\t\t<div class=\"elementor-column elementor-col-50 elementor-top-column elementor-element elementor-element-b90f1ec\" data-id=\"b90f1ec\" data-element_type=\"column\" data-settings=\"{&quot;background_background&quot;:&quot;classic&quot;}\">\n\t\t\t<div class=\"elementor-widget-wrap elementor-element-populated\">\n\t\t\t\t\t\t<div class=\"elementor-element elementor-element-67c1288 elementor-position-right elementor-view-default elementor-mobile-position-top elementor-widget elementor-widget-icon-box\" data-id=\"67c1288\" data-element_type=\"widget\" data-widget_type=\"icon-box.default\">\n\t\t\t\t<div class=\"elementor-widget-container\">\n\t\t\t\t\t\t\t<div class=\"elementor-icon-box-wrapper\">\n\n\t\t\t\t\t\t<div class=\"elementor-icon-box-icon\">\n\t\t\t\t<span  class=\"elementor-icon\">\n\t\t\t\t<svg aria-hidden=\"true\" class=\"e-font-icon-svg e-fas-arrow-up\" viewBox=\"0 0 448 512\" xmlns=\"http:\/\/www.w3.org\/2000\/svg\"><path d=\"M34.9 289.5l-22.2-22.2c-9.4-9.4-9.4-24.6 0-33.9L207 39c9.4-9.4 24.6-9.4 33.9 0l194.3 194.3c9.4 9.4 9.4 24.6 0 33.9L413 289.4c-9.5 9.5-25 9.3-34.3-.4L264 168.6V456c0 13.3-10.7 24-24 24h-32c-13.3 0-24-10.7-24-24V168.6L69.2 289.1c-9.3 9.8-24.8 10-34.3.4z\"><\/path><\/svg>\t\t\t\t<\/span>\n\t\t\t<\/div>\n\t\t\t\n\t\t\t\t\t\t<div class=\"elementor-icon-box-content\">\n\n\t\t\t\t\t\t\t\t\t<h3 class=\"elementor-icon-box-title\">\n\t\t\t\t\t\t<span  >\n\t\t\t\t\t\t\tRespuesta y Aclaraci\u00f3n Inmediata\t\t\t\t\t\t<\/span>\n\t\t\t\t\t<\/h3>\n\t\t\t\t\n\t\t\t\t\t\t\t\t\t<p class=\"elementor-icon-box-description\">\n\t\t\t\t\t\tAsistencia Inmediata para el diagnostico para resolver tu problema de plagas.\n\t\t\t\t\t<\/p>\n\t\t\t\t\n\t\t\t<\/div>\n\t\t\t\n\t\t<\/div>\n\t\t\t\t\t\t<\/div>\n\t\t\t\t<\/div>\n\t\t\t\t\t<\/div>\n\t\t<\/div>\n\t\t\t\t<div class=\"elementor-column elementor-col-50 elementor-top-column elementor-element elementor-element-f1e0d25\" data-id=\"f1e0d25\" data-element_type=\"column\" data-settings=\"{&quot;background_background&quot;:&quot;classic&quot;}\">\n\t\t\t<div class=\"elementor-widget-wrap elementor-element-populated\">\n\t\t\t\t\t\t<div class=\"elementor-element elementor-element-a3f8c66 elementor-position-right elementor-view-default elementor-mobile-position-top elementor-widget elementor-widget-icon-box\" data-id=\"a3f8c66\" data-element_type=\"widget\" data-widget_type=\"icon-box.default\">\n\t\t\t\t<div class=\"elementor-widget-container\">\n\t\t\t\t\t\t\t<div class=\"elementor-icon-box-wrapper\">\n\n\t\t\t\t\t\t<div class=\"elementor-icon-box-icon\">\n\t\t\t\t<span  class=\"elementor-icon\">\n\t\t\t\t<svg aria-hidden=\"true\" class=\"e-font-icon-svg e-fas-arrow-up\" viewBox=\"0 0 448 512\" xmlns=\"http:\/\/www.w3.org\/2000\/svg\"><path d=\"M34.9 289.5l-22.2-22.2c-9.4-9.4-9.4-24.6 0-33.9L207 39c9.4-9.4 24.6-9.4 33.9 0l194.3 194.3c9.4 9.4 9.4 24.6 0 33.9L413 289.4c-9.5 9.5-25 9.3-34.3-.4L264 168.6V456c0 13.3-10.7 24-24 24h-32c-13.3 0-24-10.7-24-24V168.6L69.2 289.1c-9.3 9.8-24.8 10-34.3.4z\"><\/path><\/svg>\t\t\t\t<\/span>\n\t\t\t<\/div>\n\t\t\t\n\t\t\t\t\t\t<div class=\"elementor-icon-box-content\">\n\n\t\t\t\t\t\t\t\t\t<h3 class=\"elementor-icon-box-title\">\n\t\t\t\t\t\t<span  >\n\t\t\t\t\t\t\tConsultor\u00eda Gr\u00e1tis\t\t\t\t\t\t<\/span>\n\t\t\t\t\t<\/h3>\n\t\t\t\t\n\t\t\t\t\t\t\t\t\t<p class=\"elementor-icon-box-description\">\n\t\t\t\t\t\t Nuestro equipo de expertos en control de plagas evaluar\u00e1 tu situaci\u00f3n espec\u00edfica, identificar\u00e1 las plagas presentes y te brindar\u00e1 recomendaciones pr\u00e1cticas y detalladas para su eliminaci\u00f3n\t\t\t\t\t<\/p>\n\t\t\t\t\n\t\t\t<\/div>\n\t\t\t\n\t\t<\/div>\n\t\t\t\t\t\t<\/div>\n\t\t\t\t<\/div>\n\t\t\t\t\t<\/div>\n\t\t<\/div>\n\t\t\t\t\t<\/div>\n\t\t<\/section>\n\t\t\t\t<\/div>\n\t\t","protected":false},"excerpt":{"rendered":"<p>Nosotros Sobre Nosotros Somos empresa l\u00edder en el control y eliminaci\u00f3n de plagas que afectan hogares, negocios y espacios p\u00fablicos. Con a\u00f1os de experiencia en el sector, nos hemos consolidado como un referente en el control integrado de plagas, ofreciendo soluciones efectivas y seguras para garantizar la salud y el bienestar de nuestros clientes Misi\u00f3n [&hellip;]<\/p>\n","protected":false},"author":1,"featured_media":0,"parent":0,"menu_order":0,"comment_status":"closed","ping_status":"closed","template":"","meta":{"om_disable_all_campaigns":false,"_monsterinsights_skip_tracking":false,"_monsterinsights_sitenote_active":false,"_monsterinsights_sitenote_note":"","_monsterinsights_sitenote_category":0,"_joinchat":[],"footnotes":""},"class_list":["post-100","page","type-page","status-publish","hentry"],"aioseo_notices":[],"_links":{"self":[{"href":"https:\/\/fumigacionesbiopestcontrol.com\/index.php\/wp-json\/wp\/v2\/pages\/100","targetHints":{"allow":["GET"]}}],"collection":[{"href":"https:\/\/fumigacionesbiopestcontrol.com\/index.php\/wp-json\/wp\/v2\/pages"}],"about":[{"href":"https:\/\/fumigacionesbiopestcontrol.com\/index.php\/wp-json\/wp\/v2\/types\/page"}],"author":[{"embeddable":true,"href":"https:\/\/fumigacionesbiopestcontrol.com\/index.php\/wp-json\/wp\/v2\/users\/1"}],"replies":[{"embeddable":true,"href":"https:\/\/fumigacionesbiopestcontrol.com\/index.php\/wp-json\/wp\/v2\/comments?post=100"}],"version-history":[{"count":70,"href":"https:\/\/fumigacionesbiopestcontrol.com\/index.php\/wp-json\/wp\/v2\/pages\/100\/revisions"}],"predecessor-version":[{"id":987,"href":"https:\/\/fumigacionesbiopestcontrol.com\/index.php\/wp-json\/wp\/v2\/pages\/100\/revisions\/987"}],"wp:attachment":[{"href":"https:\/\/fumigacionesbiopestcontrol.com\/index.php\/wp-json\/wp\/v2\/media?parent=100"}],"curies":[{"name":"wp","href":"https:\/\/api.w.org\/{rel}","templated":true}]}}